{"id":1057,"date":"2014-09-11T15:47:27","date_gmt":"2014-09-11T15:47:27","guid":{"rendered":"http:\/\/https:\/\/www.preville.qc.ca\/portrait\/it-started-on-a-football-field-visual-vintage-photo-the-preville-big-band-was-founded-over-20-years-ago-in-st-lambert-quebec-by-trombonist-tommy-green-tommy-learned-his-trombone-skills-play\/"},"modified":"2018-06-30T22:25:28","modified_gmt":"2018-07-01T02:25:28","slug":"de-concert-avec-vous","status":"publish","type":"page","link":"https:\/\/www.preville.qc.ca\/fr\/portrait\/de-concert-avec-vous\/","title":{"rendered":"Travaillons ensemble"},"content":{"rendered":"<h1>Pour vous faciliter la vie<\/h1>\n<p>\nLe Pr\u00e9ville Big Band a r\u00e9ussi \u00e0 jouer dans presque toutes les conditions et tous les lieux imaginables. Habituellement, ses spectacles comptent trois parties et durent de trois \u00e0 quatre heures en tout. <\/p>\n<p>Nous pouvons \u00e9galement fournir notre syst\u00e8me sonore, dont le prix sera compris dans la soumission. Avec ses solutions cl\u00e9 en main, rien ne pourra arr\u00eater le spectacle! <\/p>\n<p>Par-dessus tout, on sait que rien ne se passe jamais comme pr\u00e9vu. Nous savons donc faire preuve de flexibilit\u00e9 et nous adapter \u00e0 vos besoins. Bien souvent, ce sont ces impr\u00e9vus qui cr\u00e9ent des moments inoubliables! <\/p>\n<p>Nous vous proposons un vaste r\u00e9pertoire de musique. <a href=\"http:\/\/https:\/\/www.preville.qc.ca\/fr\/musique\/ecoutez-lorchestre\/\"><u>Consultez-le et, de concert avec l\u2019orchestre<\/u><\/a>, cr\u00e9ez une s\u00e9lection musicale adapt\u00e9e \u00e0 votre \u00e9v\u00e9nement.<\/p>\n<p><a href=\"http:\/\/https:\/\/www.preville.qc.ca\/soumission\/\"><\/p>\n<h3>Cliquez ici pour demander une soumission<\/h3>\n<p><\/a><\/p>\n","protected":false},"excerpt":{"rendered":"<p>Pour vous faciliter la vie Le Pr\u00e9ville Big Band a r\u00e9ussi \u00e0 jouer dans presque toutes les conditions et tous les lieux imaginables. Habituellement, ses spectacles comptent trois parties et durent de trois \u00e0 quatre heures en tout. Nous pouvons \u00e9galement fournir notre syst\u00e8me sonore, dont le prix sera compris dans la soumission. Avec ses<\/p>\n","protected":false},"author":710237,"featured_media":0,"parent":1048,"menu_order":0,"comment_status":"open","ping_status":"open","template":"","meta":{"_bbp_topic_count":0,"_bbp_reply_count":0,"_bbp_total_topic_count":0,"_bbp_total_reply_count":0,"_bbp_voice_count":0,"_bbp_anonymous_reply_count":0,"_bbp_topic_count_hidden":0,"_bbp_reply_count_hidden":0,"_bbp_forum_subforum_count":0,"footnotes":""},"class_list":["post-1057","page","type-page","status-publish","hentry"],"_links":{"self":[{"href":"https:\/\/www.preville.qc.ca\/fr\/wp-json\/wp\/v2\/pages\/1057","targetHints":{"allow":["GET"]}}],"collection":[{"href":"https:\/\/www.preville.qc.ca\/fr\/wp-json\/wp\/v2\/pages"}],"about":[{"href":"https:\/\/www.preville.qc.ca\/fr\/wp-json\/wp\/v2\/types\/page"}],"author":[{"embeddable":true,"href":"https:\/\/www.preville.qc.ca\/fr\/wp-json\/wp\/v2\/users\/710237"}],"replies":[{"embeddable":true,"href":"https:\/\/www.preville.qc.ca\/fr\/wp-json\/wp\/v2\/comments?post=1057"}],"version-history":[{"count":12,"href":"https:\/\/www.preville.qc.ca\/fr\/wp-json\/wp\/v2\/pages\/1057\/revisions"}],"predecessor-version":[{"id":2099,"href":"https:\/\/www.preville.qc.ca\/fr\/wp-json\/wp\/v2\/pages\/1057\/revisions\/2099"}],"up":[{"embeddable":true,"href":"https:\/\/www.preville.qc.ca\/fr\/wp-json\/wp\/v2\/pages\/1048"}],"wp:attachment":[{"href":"https:\/\/www.preville.qc.ca\/fr\/wp-json\/wp\/v2\/media?parent=1057"}],"curies":[{"name":"wp","href":"https:\/\/api.w.org\/{rel}","templated":true}]}}