{"id":1098,"date":"2014-09-10T21:19:57","date_gmt":"2014-09-10T21:19:57","guid":{"rendered":"https:\/\/www.preville.qc.ca\/referrals-photos-2\/"},"modified":"2014-11-12T20:48:42","modified_gmt":"2014-11-12T20:48:42","slug":"referrals-photos","status":"publish","type":"page","link":"https:\/\/www.preville.qc.ca\/fr\/musique\/referrals-photos\/","title":{"rendered":"Photos"},"content":{"rendered":"<h1>Des clients heureux, ann\u00e9e apr\u00e8s ann\u00e9e<\/h1>\n<p><\/p>\n<p>Rien ne fait plus plaisir aux membres du Pr\u00e9ville Big Band que de rendre les clients heureux. Les photos suivantes traduisent le bonheur qu\u2019il a procur\u00e9 au cours des vingt derni\u00e8res ann\u00e9es. <\/p>\n<h1>De beaux souvenirs<\/h1>\n","protected":false},"excerpt":{"rendered":"<p>Des clients heureux, ann\u00e9e apr\u00e8s ann\u00e9e Rien ne fait plus plaisir aux membres du Pr\u00e9ville Big Band que de rendre les clients heureux. Les photos suivantes traduisent le bonheur qu\u2019il a procur\u00e9 au cours des vingt derni\u00e8res ann\u00e9es. De beaux souvenirs<\/p>\n","protected":false},"author":710237,"featured_media":0,"parent":1068,"menu_order":0,"comment_status":"open","ping_status":"open","template":"","meta":{"_bbp_topic_count":0,"_bbp_reply_count":0,"_bbp_total_topic_count":0,"_bbp_total_reply_count":0,"_bbp_voice_count":0,"_bbp_anonymous_reply_count":0,"_bbp_topic_count_hidden":0,"_bbp_reply_count_hidden":0,"_bbp_forum_subforum_count":0,"footnotes":""},"class_list":["post-1098","page","type-page","status-publish","hentry"],"_links":{"self":[{"href":"https:\/\/www.preville.qc.ca\/fr\/wp-json\/wp\/v2\/pages\/1098","targetHints":{"allow":["GET"]}}],"collection":[{"href":"https:\/\/www.preville.qc.ca\/fr\/wp-json\/wp\/v2\/pages"}],"about":[{"href":"https:\/\/www.preville.qc.ca\/fr\/wp-json\/wp\/v2\/types\/page"}],"author":[{"embeddable":true,"href":"https:\/\/www.preville.qc.ca\/fr\/wp-json\/wp\/v2\/users\/710237"}],"replies":[{"embeddable":true,"href":"https:\/\/www.preville.qc.ca\/fr\/wp-json\/wp\/v2\/comments?post=1098"}],"version-history":[{"count":8,"href":"https:\/\/www.preville.qc.ca\/fr\/wp-json\/wp\/v2\/pages\/1098\/revisions"}],"predecessor-version":[{"id":1207,"href":"https:\/\/www.preville.qc.ca\/fr\/wp-json\/wp\/v2\/pages\/1098\/revisions\/1207"}],"up":[{"embeddable":true,"href":"https:\/\/www.preville.qc.ca\/fr\/wp-json\/wp\/v2\/pages\/1068"}],"wp:attachment":[{"href":"https:\/\/www.preville.qc.ca\/fr\/wp-json\/wp\/v2\/media?parent=1098"}],"curies":[{"name":"wp","href":"https:\/\/api.w.org\/{rel}","templated":true}]}}